{"id":7,"date":"2016-05-11T17:57:51","date_gmt":"2016-05-11T20:57:51","guid":{"rendered":"http:\/\/websign.net.br\/blog\/?page_id=7"},"modified":"2016-05-11T17:57:51","modified_gmt":"2016-05-11T20:57:51","slug":"sobre-a-websign","status":"publish","type":"page","link":"https:\/\/websign.net.br\/blog\/sobre-a-websign\/","title":{"rendered":"Sobre a WEBSIGN"},"content":{"rendered":"<h5>Nascemos com a filosofia de que devemos oferecer o melhor produto e servi\u00e7o desde micro empresas at\u00e9 grande empres\u00e1rios.<\/h5>\n<p>Websign nasceu de uma id\u00e9ia humilde focada na simplicidade. Por qu\u00ea n\u00e3o vender um sistema que ir\u00e1 ajudar seu cliente oferecendo um baixo investimento por isso? Foi assim que a Websign fez, capacitou profissionais para exercer e criar servi\u00e7os at\u00e9 para micro empresas registradas ou n\u00e3o com facilidades de uso, baixo investimento mensal, trimestral ou anual, descontos e promo\u00e7\u00f5es.<\/p>\n<h2>Miss\u00e3o<\/h2>\n<p>Oferecer acessibilidade a informa\u00e7\u00e3o tecnol\u00f3gica atual. Queremos que qualquer ramo, qualquer empresa utilize um servi\u00e7o online, organize seus funcion\u00e1rios, reduza custos com pap\u00e9is acarretando em diminui\u00e7\u00e3o de impacto ambiental.<br \/>\nSe tornar parceiros de empresas e micro empres\u00e1rios para crescimento junto as mesmas, oferecendo assessoria tecnol\u00f3gica aos ramos, servi\u00e7os de qualidade sendo ele usando nossos produtos ou criando sistemas personalizados para todos os ramos, desde um mercado de frutas que automatiza seu estoque at\u00e9 uma grande empresa que gerencia altos processos em tempo real.<\/p>\n<h2>Vis\u00e3o<\/h2>\n<p>Se tornar a empresa brasileira que atende de maneira r\u00e1pida, atenciosa, humanista e respons\u00e1vel seus clientes, pensando sempre em agilizar tarefas repititivas automatizando as m\u00e1quinas para auxiliar o ser humano.<br \/>\nQueremos ser l\u00edderes no ramo de Gest\u00e3o de dados Online, sempre na vanguarda de micro empresas oferecendo futuramente treinamentos, cursos, tudo para que uma empresa brasileira precise sempre com seguran\u00e7a de informa\u00e7\u00e3o e suporte.<br \/>\nQueremos sempre clientes satisfeitos com nossos servi\u00e7os e os melhores custos de investimento.<\/p>\n<h2>Valores<\/h2>\n<ul class=\"list\">\n<li>Comprometimento<\/li>\n<li>Oferecer sempre apoio<\/li>\n<li>Melhoria Cont\u00ednua<\/li>\n<li>Novas Id\u00e9ias de neg\u00f3cio<\/li>\n<li>Sustentabilidade<\/li>\n<li>Tecnologia de Ponta<\/li>\n<li>Impacto Ambiental<\/li>\n<\/ul>\n<p>&nbsp;<\/p>\n","protected":false},"excerpt":{"rendered":"<p>Nascemos com a filosofia de que devemos oferecer o melhor produto e servi\u00e7o desde micro empresas at\u00e9 grande empres\u00e1rios. Websign nasceu de uma id\u00e9ia humilde focada na simplicidade. Por qu\u00ea n\u00e3o vender um sistema que ir\u00e1 ajudar seu cliente oferecendo um baixo investimento por isso? Foi assim que a Websign fez, capacitou profissionais para exercer [&hellip;]<\/p>\n","protected":false},"author":2,"featured_media":0,"parent":0,"menu_order":0,"comment_status":"closed","ping_status":"open","template":"","meta":{"footnotes":""},"class_list":["post-7","page","type-page","status-publish","hentry"],"yoast_head":"<!-- This site is optimized with the Yoast SEO plugin v27.1.1 - https:\/\/yoast.com\/product\/yoast-seo-wordpress\/ -->\r\n<title>Sobre a WEBSIGN - Blog Websign Sistemas<\/title>\r\n<meta name=\"robots\" content=\"index, follow, max-snippet:-1, max-image-preview:large, max-video-preview:-1\" \/>\r\n<link rel=\"canonical\" href=\"https:\/\/websign.net.br\/blog\/sobre-a-websign\/\" \/>\r\n<meta property=\"og:locale\" content=\"pt_BR\" \/>\r\n<meta property=\"og:type\" content=\"article\" \/>\r\n<meta property=\"og:title\" content=\"Sobre a WEBSIGN - Blog Websign Sistemas\" \/>\r\n<meta property=\"og:description\" content=\"Nascemos com a filosofia de que devemos oferecer o melhor produto e servi\u00e7o desde micro empresas at\u00e9 grande empres\u00e1rios. Websign nasceu de uma id\u00e9ia humilde focada na simplicidade. Por qu\u00ea n\u00e3o vender um sistema que ir\u00e1 ajudar seu cliente oferecendo um baixo investimento por isso? Foi assim que a Websign fez, capacitou profissionais para exercer [&hellip;]\" \/>\r\n<meta property=\"og:url\" content=\"https:\/\/websign.net.br\/blog\/sobre-a-websign\/\" \/>\r\n<meta property=\"og:site_name\" content=\"Blog Websign Sistemas\" \/>\r\n<meta property=\"article:publisher\" content=\"https:\/\/www.facebook.com\/WebSignCriacoesSites\/\" \/>\r\n<meta name=\"twitter:card\" content=\"summary_large_image\" \/>\r\n<meta name=\"twitter:site\" content=\"@websignsistemas\" \/>\r\n<meta name=\"twitter:label1\" content=\"Est. tempo de leitura\" \/>\n\t<meta name=\"twitter:data1\" content=\"1 minuto\" \/>\r\n<script type=\"application\/ld+json\" class=\"yoast-schema-graph\">{\"@context\":\"https:\/\/schema.org\",\"@graph\":[{\"@type\":\"WebPage\",\"@id\":\"https:\/\/websign.net.br\/blog\/sobre-a-websign\/\",\"url\":\"https:\/\/websign.net.br\/blog\/sobre-a-websign\/\",\"name\":\"Sobre a WEBSIGN - Blog Websign Sistemas\",\"isPartOf\":{\"@id\":\"https:\/\/websign.net.br\/blog\/#website\"},\"datePublished\":\"2016-05-11T20:57:51+00:00\",\"breadcrumb\":{\"@id\":\"https:\/\/websign.net.br\/blog\/sobre-a-websign\/#breadcrumb\"},\"inLanguage\":\"pt-BR\",\"potentialAction\":[{\"@type\":\"ReadAction\",\"target\":[\"https:\/\/websign.net.br\/blog\/sobre-a-websign\/\"]}]},{\"@type\":\"BreadcrumbList\",\"@id\":\"https:\/\/websign.net.br\/blog\/sobre-a-websign\/#breadcrumb\",\"itemListElement\":[{\"@type\":\"ListItem\",\"position\":1,\"name\":\"In\u00edcio\",\"item\":\"https:\/\/websign.net.br\/blog\/\"},{\"@type\":\"ListItem\",\"position\":2,\"name\":\"Sobre a WEBSIGN\"}]},{\"@type\":\"WebSite\",\"@id\":\"https:\/\/websign.net.br\/blog\/#website\",\"url\":\"https:\/\/websign.net.br\/blog\/\",\"name\":\"Blog Websign Sistemas\",\"description\":\"Fique por dentro de not\u00edcias e dicas\",\"publisher\":{\"@id\":\"https:\/\/websign.net.br\/blog\/#organization\"},\"potentialAction\":[{\"@type\":\"SearchAction\",\"target\":{\"@type\":\"EntryPoint\",\"urlTemplate\":\"https:\/\/websign.net.br\/blog\/?s={search_term_string}\"},\"query-input\":{\"@type\":\"PropertyValueSpecification\",\"valueRequired\":true,\"valueName\":\"search_term_string\"}}],\"inLanguage\":\"pt-BR\"},{\"@type\":\"Organization\",\"@id\":\"https:\/\/websign.net.br\/blog\/#organization\",\"name\":\"Websign Sistemas Inc\",\"url\":\"https:\/\/websign.net.br\/blog\/\",\"logo\":{\"@type\":\"ImageObject\",\"inLanguage\":\"pt-BR\",\"@id\":\"https:\/\/websign.net.br\/blog\/#\/schema\/logo\/image\/\",\"url\":\"https:\/\/websign.net.br\/blog\/wp-content\/uploads\/2016\/05\/1502298_383447438488708_1236879760916980068_o.jpg\",\"contentUrl\":\"https:\/\/websign.net.br\/blog\/wp-content\/uploads\/2016\/05\/1502298_383447438488708_1236879760916980068_o.jpg\",\"width\":1031,\"height\":978,\"caption\":\"Websign Sistemas Inc\"},\"image\":{\"@id\":\"https:\/\/websign.net.br\/blog\/#\/schema\/logo\/image\/\"},\"sameAs\":[\"https:\/\/www.facebook.com\/WebSignCriacoesSites\/\",\"https:\/\/x.com\/websignsistemas\"]}]}<\/script>\r\n<!-- \/ Yoast SEO plugin. -->","yoast_head_json":{"title":"Sobre a WEBSIGN - Blog Websign Sistemas","robots":{"index":"index","follow":"follow","max-snippet":"max-snippet:-1","max-image-preview":"max-image-preview:large","max-video-preview":"max-video-preview:-1"},"canonical":"https:\/\/websign.net.br\/blog\/sobre-a-websign\/","og_locale":"pt_BR","og_type":"article","og_title":"Sobre a WEBSIGN - Blog Websign Sistemas","og_description":"Nascemos com a filosofia de que devemos oferecer o melhor produto e servi\u00e7o desde micro empresas at\u00e9 grande empres\u00e1rios. Websign nasceu de uma id\u00e9ia humilde focada na simplicidade. Por qu\u00ea n\u00e3o vender um sistema que ir\u00e1 ajudar seu cliente oferecendo um baixo investimento por isso? Foi assim que a Websign fez, capacitou profissionais para exercer [&hellip;]","og_url":"https:\/\/websign.net.br\/blog\/sobre-a-websign\/","og_site_name":"Blog Websign Sistemas","article_publisher":"https:\/\/www.facebook.com\/WebSignCriacoesSites\/","twitter_card":"summary_large_image","twitter_site":"@websignsistemas","twitter_misc":{"Est. tempo de leitura":"1 minuto"},"schema":{"@context":"https:\/\/schema.org","@graph":[{"@type":"WebPage","@id":"https:\/\/websign.net.br\/blog\/sobre-a-websign\/","url":"https:\/\/websign.net.br\/blog\/sobre-a-websign\/","name":"Sobre a WEBSIGN - Blog Websign Sistemas","isPartOf":{"@id":"https:\/\/websign.net.br\/blog\/#website"},"datePublished":"2016-05-11T20:57:51+00:00","breadcrumb":{"@id":"https:\/\/websign.net.br\/blog\/sobre-a-websign\/#breadcrumb"},"inLanguage":"pt-BR","potentialAction":[{"@type":"ReadAction","target":["https:\/\/websign.net.br\/blog\/sobre-a-websign\/"]}]},{"@type":"BreadcrumbList","@id":"https:\/\/websign.net.br\/blog\/sobre-a-websign\/#breadcrumb","itemListElement":[{"@type":"ListItem","position":1,"name":"In\u00edcio","item":"https:\/\/websign.net.br\/blog\/"},{"@type":"ListItem","position":2,"name":"Sobre a WEBSIGN"}]},{"@type":"WebSite","@id":"https:\/\/websign.net.br\/blog\/#website","url":"https:\/\/websign.net.br\/blog\/","name":"Blog Websign Sistemas","description":"Fique por dentro de not\u00edcias e dicas","publisher":{"@id":"https:\/\/websign.net.br\/blog\/#organization"},"potentialAction":[{"@type":"SearchAction","target":{"@type":"EntryPoint","urlTemplate":"https:\/\/websign.net.br\/blog\/?s={search_term_string}"},"query-input":{"@type":"PropertyValueSpecification","valueRequired":true,"valueName":"search_term_string"}}],"inLanguage":"pt-BR"},{"@type":"Organization","@id":"https:\/\/websign.net.br\/blog\/#organization","name":"Websign Sistemas Inc","url":"https:\/\/websign.net.br\/blog\/","logo":{"@type":"ImageObject","inLanguage":"pt-BR","@id":"https:\/\/websign.net.br\/blog\/#\/schema\/logo\/image\/","url":"https:\/\/websign.net.br\/blog\/wp-content\/uploads\/2016\/05\/1502298_383447438488708_1236879760916980068_o.jpg","contentUrl":"https:\/\/websign.net.br\/blog\/wp-content\/uploads\/2016\/05\/1502298_383447438488708_1236879760916980068_o.jpg","width":1031,"height":978,"caption":"Websign Sistemas Inc"},"image":{"@id":"https:\/\/websign.net.br\/blog\/#\/schema\/logo\/image\/"},"sameAs":["https:\/\/www.facebook.com\/WebSignCriacoesSites\/","https:\/\/x.com\/websignsistemas"]}]}},"_links":{"self":[{"href":"https:\/\/websign.net.br\/blog\/wp-json\/wp\/v2\/pages\/7","targetHints":{"allow":["GET"]}}],"collection":[{"href":"https:\/\/websign.net.br\/blog\/wp-json\/wp\/v2\/pages"}],"about":[{"href":"https:\/\/websign.net.br\/blog\/wp-json\/wp\/v2\/types\/page"}],"author":[{"embeddable":true,"href":"https:\/\/websign.net.br\/blog\/wp-json\/wp\/v2\/users\/2"}],"replies":[{"embeddable":true,"href":"https:\/\/websign.net.br\/blog\/wp-json\/wp\/v2\/comments?post=7"}],"version-history":[{"count":0,"href":"https:\/\/websign.net.br\/blog\/wp-json\/wp\/v2\/pages\/7\/revisions"}],"wp:attachment":[{"href":"https:\/\/websign.net.br\/blog\/wp-json\/wp\/v2\/media?parent=7"}],"curies":[{"name":"wp","href":"https:\/\/api.w.org\/{rel}","templated":true}]}}